{"id":15755,"date":"2021-04-07T23:20:56","date_gmt":"2021-04-07T22:20:56","guid":{"rendered":"https:\/\/taxirabattours.com\/conditions-generales-de-vente\/"},"modified":"2023-06-12T01:03:34","modified_gmt":"2023-06-12T00:03:34","slug":"conditions-generales-de-vente","status":"publish","type":"page","link":"https:\/\/taxirabattours.com\/fr\/conditions-generales-de-vente\/","title":{"rendered":"CONDITIONS GENERALES DE VENTE"},"content":{"rendered":"\t\t<div data-elementor-type=\"wp-page\" data-elementor-id=\"15755\" class=\"elementor elementor-15755 elementor-11041\">\n\t\t\t\t\t\t<section class=\"elementor-section elementor-top-section elementor-element elementor-element-72102263 elementor-section-boxed elementor-section-height-default elementor-section-height-default\" data-id=\"72102263\" data-element_type=\"section\" data-e-type=\"section\">\n\t\t\t\t\t\t<div class=\"elementor-container elementor-column-gap-default\">\n\t\t\t\t\t<div class=\"elementor-column elementor-col-100 elementor-top-column elementor-element elementor-element-4d04251\" data-id=\"4d04251\" data-element_type=\"column\" data-e-type=\"column\">\n\t\t\t<div class=\"elementor-widget-wrap elementor-element-populated\">\n\t\t\t\t\t\t<div class=\"elementor-element elementor-element-e55c1d8 elementor-widget elementor-widget-text-editor\" data-id=\"e55c1d8\" data-element_type=\"widget\" data-e-type=\"widget\" data-widget_type=\"text-editor.default\">\n\t\t\t\t<div class=\"elementor-widget-container\">\n\t\t\t\t\t\t\t\t\t<div data-testid=\"richTextElement\">\n<h2>Preuve des transactions pay\u00e9es par carte de cr\u00e9dit<\/h2>\n<\/div>\n<div data-testid=\"richTextElement\">\n<p>Les donn\u00e9es enregistr\u00e9es par le CMI sur la plateforme de paiement multicanal pour le compte de Taxi Rabat Tours&nbsp;constituent la preuve de l&rsquo;ensemble des transactions commerciales pass\u00e9es entre vous et Taxi Rabat Tours.<br>Entreprise.<\/p>\n<\/div>\n<div data-testid=\"richTextElement\">\n<div data-testid=\"richTextElement\">\n<h2><b>Mode de paiement<\/b><\/h2>\n<p>Pour r\u00e9gler votre commande, vous choisissez l&rsquo;option de paiement parmi celles propos\u00e9es par Taxirabattours<br>sur sa page de paiement.<br>Dans ce cas, l&rsquo;op\u00e9ration est d\u00e9bit\u00e9e de votre compte dans la journ\u00e9e qui suit l&rsquo;envoi de l&rsquo;avis d&rsquo;appel d&rsquo;offres.<br>date de la confirmation de livraison.<br>Vos paiements en ligne sont enti\u00e8rement s\u00e9curis\u00e9s par le Centre Mon\u00e9tique Interbancaire (CMI).<br>qui offre un service de paiement enti\u00e8rement s\u00e9curis\u00e9.<br>Le consommateur garantit \u00e0 la soci\u00e9t\u00e9 Taxirabattours&nbsp;qu&rsquo;il dispose des moyens n\u00e9cessaires pour exercer ses droits.<br>l&rsquo;autorisation d&rsquo;utiliser le mode de paiement choisi par lui, lors de la validation du bon de commande.<br>En cas de paiement par carte bancaire, les dispositions relatives \u00e0 l&rsquo;utilisation frauduleuse des moyens de paiement sont applicables.<br>le paiement pr\u00e9vu dans les accords conclus entre le consommateur et l&rsquo;\u00e9metteur de la carte<br>et entre la soci\u00e9t\u00e9 Taxirabattours&nbsp;et ses \u00e9tablissements bancaires s&rsquo;appliquent.<br>Pr\u00e9ambule<br>Les conditions g\u00e9n\u00e9rales de vente suivantes r\u00e9gissent toutes les transactions \u00e9tablies sur le catalogue web de<br>Taxirabattours. Il est \u00e0 noter que toute commande pass\u00e9e sur ce site suppose l&rsquo;acceptation par le client de l&rsquo;ensemble de ses droits et obligations.<br>l&rsquo;acceptation inconditionnelle et irr\u00e9vocable des conditions ci-dessous.<br>Objet<br>Ce contrat est un contrat \u00e0 distance qui vise \u00e0 d\u00e9finir les droits et obligations des parties.<br>dans le cadre de la vente des services de la soci\u00e9t\u00e9 Taxirabtatours sur Internet,<br>par le biais de la plateforme s\u00e9curis\u00e9e de paiement en ligne du Centre Mon\u00e9taire Interbancaire.<br>Les conditions suivantes s&rsquo;appliquent \u00e0 tous les passagers utilisant nos services :<\/p>\n<\/div>\n<div>\n<div role=\"grid\">\n<div role=\"row\">\n<div role=\"gridcell\">\n<div>\n<div data-hook=\"bgLayers\">&nbsp;<span style=\"background-color: var(--ast-global-color-5);\">Le client s&rsquo;engage \u00e0 accepter les conditions g\u00e9n\u00e9rales de vente m\u00eame s&rsquo;il effectue sa r\u00e9servation par<\/span><\/div>\n<div data-hook=\"bgLayers\">t\u00e9l\u00e9phone.<\/div>\n<div data-hook=\"bgLayers\"><br><\/div>\n<div data-hook=\"bgLayers\">2<\/div>\n<div data-hook=\"bgLayers\">Nous nous r\u00e9servons le droit de faire appel \u00e0 un autre service dans notre gamme de services (voirie publique, transport en commun, etc.).<\/div>\n<div data-hook=\"bgLayers\">transport de personnes ou voiture de transport avec chauffeurs) ou de faire appel \u00e0 un sous-traitant, afin de<\/div>\n<div data-hook=\"bgLayers\">transportent nos clients jusqu&rsquo;\u00e0 destination, en prenant soin au pr\u00e9alable de les avertir de l&rsquo;existence d&rsquo;un danger pour leur sant\u00e9.<\/div>\n<div data-hook=\"bgLayers\">et les informer de tout changement que cela implique au niveau r\u00e9glementaire. Le site<\/div>\n<div data-hook=\"bgLayers\">L&rsquo;estimation de la course de taxi sera donc d\u00e9finitive et fix\u00e9e sur la base du mod\u00e8le l\u00e9gal, m\u00eame s&rsquo;il s&rsquo;agit d&rsquo;une course de taxi.<\/div>\n<div data-hook=\"bgLayers\">dans nos gammes de services.<\/div>\n<div data-hook=\"bgLayers\"><br><\/div>\n<div data-hook=\"bgLayers\">3<\/div>\n<div data-hook=\"bgLayers\">&nbsp;Une r\u00e9servation doit \u00eatre annul\u00e9e par t\u00e9l\u00e9phone ou par courriel. L&rsquo;annulation doit nous parvenir au<\/div>\n<div data-hook=\"bgLayers\">au plus tard 24 heures avant la date du transfert. Pass\u00e9 ce d\u00e9lai, nous pourrons \u00eatre amen\u00e9s \u00e0 facturer le<\/div>\n<div data-hook=\"bgLayers\">le client pour le co\u00fbt estim\u00e9 de son transfert tel que calcul\u00e9 sur ce site web et \/ ou<\/div>\n<div data-hook=\"bgLayers\">indiqu\u00e9s dans les documents de r\u00e9servation. En cas de non-pr\u00e9sentation, le prix de la<\/div>\n<div data-hook=\"bgLayers\">Le voyage estim\u00e9 sera factur\u00e9.<\/div>\n<div data-hook=\"bgLayers\"><br><\/div>\n<div data-hook=\"bgLayers\">4<\/div>\n<div data-hook=\"bgLayers\">4. Tous les bagages du client&nbsp; sont accept\u00e9s, y compris les sacs de ski ou de snowboard, les sacs de golf,<\/div>\n<div data-hook=\"bgLayers\">\u00e0 condition qu&rsquo;il y ait suffisamment d&rsquo;espace \u00e0 bord et qu&rsquo;ils n&rsquo;endommagent pas le v\u00e9hicule \u00e0 l&rsquo;int\u00e9rieur.<\/div>\n<div data-hook=\"bgLayers\">de quelque mani\u00e8re que ce soit, qu&rsquo;il s&rsquo;agisse de salissures ou de dommages permanents.<\/div>\n<div data-hook=\"bgLayers\"><br><\/div>\n<div data-hook=\"bgLayers\">5. Nous ferons tout notre possible pour que nos v\u00e9hicules arrivent \u00e0 l&rsquo;heure aux rendez-vous fix\u00e9s.<\/div>\n<div data-hook=\"bgLayers\">et d\u00e9poser les clients \u00e0 temps \u00e0 leur destination. Toutefois, nous refuserons toute<\/div>\n<div data-hook=\"bgLayers\">En cas de retard d\u00fb \u00e0 des faits ext\u00e9rieurs ind\u00e9pendants de leur volont\u00e9 ou de leur contr\u00f4le, ils n&rsquo;assument aucune responsabilit\u00e9.<\/div>\n<div data-hook=\"bgLayers\">En effet, des faits ind\u00e9pendants de notre volont\u00e9 nous emp\u00eachent parfois d&rsquo;accomplir notre mission.<\/div>\n<div data-hook=\"bgLayers\">En voici quelques-unes : Les accidents de la route qui provoquent des ralentissements. Accidents de la route bloquant tout<\/div>\n<div data-hook=\"bgLayers\">le trafic. Conditions m\u00e9t\u00e9orologiques exceptionnelles. Contr\u00f4le de la police. Vandalisme et terrorisme.<\/div>\n<div data-hook=\"bgLayers\">Embouteillages inattendus. Gr\u00e8ves ou manifestations bloquant la route. Probl\u00e8mes caus\u00e9s par<\/div>\n<div data-hook=\"bgLayers\">les autres passagers. Non-respect de l&rsquo;heure de prise en charge par les clients. Tout fait susceptible d&rsquo;affecter<\/div>\n<div data-hook=\"bgLayers\">la s\u00e9curit\u00e9 et l&rsquo;int\u00e9grit\u00e9 des autres passagers enfin, si ce retard est de notre fait et que vous manquez l&#8217;embarquement.<\/div>\n<div data-hook=\"bgLayers\">en rapport avec vos autres moyens de transport, nous nous engageons \u00e0 vous d\u00e9dommager en vous offrant<\/div>\n<div data-hook=\"bgLayers\">une prestation d&rsquo;un montant \u00e9quivalent \u00e0 la course effectu\u00e9e.<\/div>\n<div data-hook=\"bgLayers\"><br><\/div>\n<div data-hook=\"bgLayers\">6. Les transporteurs et les taxis assurant les transferts sont tous titulaires d&rsquo;une autorisation de stationnement de taxis, inscrite \u00e0 la<\/div>\n<div data-hook=\"bgLayers\">dans l&rsquo;annuaire des transports de voyageurs et\/ou dans le registre des entreprises de transport avec chauffeur.<\/div>\n<div data-hook=\"bgLayers\">Les v\u00e9hicules mis en place pour effectuer ces transferts sont enti\u00e8rement assur\u00e9s pour le transport de passagers,<\/div>\n<div data-hook=\"bgLayers\">comme l&rsquo;exige la loi marocaine.<\/div>\n<div data-hook=\"bgLayers\">7. Contrairement \u00e0 beaucoup de nos concurrents, les bagages de nos clients sont assur\u00e9s jusqu&rsquo;\u00e0 une certaine limite. Bien que<\/div>\n<div data-hook=\"bgLayers\">nous prenons le plus grand soin de vos effets personnels, nous pr\u00e9f\u00e9rons ajouter cette garantie afin d&rsquo;assurer la s\u00e9curit\u00e9 de vos biens.<\/div>\n<div data-hook=\"bgLayers\">pour vous rassurer dans vos d\u00e9placements.<\/div>\n<div data-hook=\"bgLayers\"><br><\/div>\n<div data-hook=\"bgLayers\">8. Nous ne pouvons \u00eatre tenus responsables que des faits pr\u00e9visibles et raisonnables d\u00e9coulant directement d&rsquo;une<\/div>\n<div data-hook=\"bgLayers\">la rupture du contrat.<\/div>\n<div data-hook=\"bgLayers\">9. Les pr\u00e9sentes conditions g\u00e9n\u00e9rales sont r\u00e9gies par le droit marocain.<\/div>\n<div data-hook=\"bgLayers\"><br><\/div>\n<div data-hook=\"bgLayers\">10. En cas de litige, le tribunal comp\u00e9tent est le tribunal de commerce de Rabat.<\/div>\n<div data-hook=\"bgLayers\"><br><\/div>\n<\/div>\n<\/div>\n<\/div>\n<\/div>\n<\/div>\n<\/div>\t\t\t\t\t\t\t\t<\/div>\n\t\t\t\t<\/div>\n\t\t\t\t\t<\/div>\n\t\t<\/div>\n\t\t\t\t\t<\/div>\n\t\t<\/section>\n\t\t\t\t<\/div>\n\t\t","protected":false},"excerpt":{"rendered":"<p>Preuve des transactions pay\u00e9es par carte de cr\u00e9dit Les donn\u00e9es enregistr\u00e9es par le CMI sur la plateforme de paiement multicanal pour le compte de Taxi Rabat Tours&nbsp;constituent la preuve de l&rsquo;ensemble des transactions commerciales pass\u00e9es entre vous et Taxi Rabat Tours.Entreprise. Mode de paiement Pour r\u00e9gler votre commande, vous choisissez l&rsquo;option de paiement parmi celles &hellip;<\/p>\n<p class=\"read-more\"> <a class=\"\" href=\"https:\/\/taxirabattours.com\/fr\/conditions-generales-de-vente\/\"> <span class=\"screen-reader-text\">CONDITIONS GENERALES DE VENTE<\/span> Lire la suite\u00a0\u00bb<\/a><\/p>\n","protected":false},"author":1,"featured_media":0,"parent":0,"menu_order":0,"comment_status":"closed","ping_status":"closed","template":"","meta":{"site-sidebar-layout":"default","site-content-layout":"default","ast-global-header-display":"","ast-main-header-display":"","ast-hfb-above-header-display":"","ast-hfb-below-header-display":"","ast-hfb-mobile-header-display":"","site-post-title":"","ast-breadcrumbs-content":"","ast-featured-img":"","footer-sml-layout":"","theme-transparent-header-meta":"","adv-header-id-meta":"","stick-header-meta":"","header-above-stick-meta":"","header-main-stick-meta":"","header-below-stick-meta":"","footnotes":""},"class_list":["post-15755","page","type-page","status-publish","hentry"],"yoast_head":"<!-- This site is optimized with the Yoast SEO plugin v27.4 - https:\/\/yoast.com\/product\/yoast-seo-wordpress\/ -->\n<title>Conditions g\u00e9n\u00e9rales de vente<\/title>\n<meta name=\"description\" content=\"Conditions g\u00e9n\u00e9rales de vente\" \/>\n<meta name=\"robots\" content=\"noindex, nofollow\" \/>\n<meta property=\"og:locale\" content=\"fr_FR\" \/>\n<meta property=\"og:type\" content=\"article\" \/>\n<meta property=\"og:title\" content=\"Conditions g\u00e9n\u00e9rales de vente\" \/>\n<meta property=\"og:description\" content=\"Conditions g\u00e9n\u00e9rales de vente\" \/>\n<meta property=\"og:url\" content=\"https:\/\/taxirabattours.com\/fr\/conditions-generales-de-vente\/\" \/>\n<meta property=\"og:site_name\" content=\"Transfert Airport | Rabat Taxi Tours Transport VTC | Rabat\" \/>\n<meta property=\"article:modified_time\" content=\"2023-06-12T00:03:34+00:00\" \/>\n<meta name=\"twitter:card\" content=\"summary_large_image\" \/>\n<meta name=\"twitter:label1\" content=\"Dur\u00e9e de lecture estim\u00e9e\" \/>\n\t<meta name=\"twitter:data1\" content=\"5 minutes\" \/>\n<script type=\"application\/ld+json\" class=\"yoast-schema-graph\">{\"@context\":\"https:\\\/\\\/schema.org\",\"@graph\":[{\"@type\":\"WebPage\",\"@id\":\"https:\\\/\\\/taxirabattours.com\\\/fr\\\/conditions-generales-de-vente\\\/\",\"url\":\"https:\\\/\\\/taxirabattours.com\\\/fr\\\/conditions-generales-de-vente\\\/\",\"name\":\"Conditions g\u00e9n\u00e9rales de vente\",\"isPartOf\":{\"@id\":\"https:\\\/\\\/taxirabattours.com\\\/fr\\\/#website\"},\"datePublished\":\"2021-04-07T22:20:56+00:00\",\"dateModified\":\"2023-06-12T00:03:34+00:00\",\"description\":\"Conditions g\u00e9n\u00e9rales de vente\",\"breadcrumb\":{\"@id\":\"https:\\\/\\\/taxirabattours.com\\\/fr\\\/conditions-generales-de-vente\\\/#breadcrumb\"},\"inLanguage\":\"fr-FR\",\"potentialAction\":[{\"@type\":\"ReadAction\",\"target\":[\"https:\\\/\\\/taxirabattours.com\\\/fr\\\/conditions-generales-de-vente\\\/\"]}]},{\"@type\":\"BreadcrumbList\",\"@id\":\"https:\\\/\\\/taxirabattours.com\\\/fr\\\/conditions-generales-de-vente\\\/#breadcrumb\",\"itemListElement\":[{\"@type\":\"ListItem\",\"position\":1,\"name\":\"Accueil\",\"item\":\"https:\\\/\\\/taxirabattours.com\\\/fr\\\/\"},{\"@type\":\"ListItem\",\"position\":2,\"name\":\"CONDITIONS GENERALES DE VENTE\"}]},{\"@type\":\"WebSite\",\"@id\":\"https:\\\/\\\/taxirabattours.com\\\/fr\\\/#website\",\"url\":\"https:\\\/\\\/taxirabattours.com\\\/fr\\\/\",\"name\":\"Transfert Airport | Rabat Taxi Tours Transport VTC | Rabat\",\"description\":\"\",\"publisher\":{\"@id\":\"https:\\\/\\\/taxirabattours.com\\\/fr\\\/#organization\"},\"potentialAction\":[{\"@type\":\"SearchAction\",\"target\":{\"@type\":\"EntryPoint\",\"urlTemplate\":\"https:\\\/\\\/taxirabattours.com\\\/fr\\\/?s={search_term_string}\"},\"query-input\":{\"@type\":\"PropertyValueSpecification\",\"valueRequired\":true,\"valueName\":\"search_term_string\"}}],\"inLanguage\":\"fr-FR\"},{\"@type\":\"Organization\",\"@id\":\"https:\\\/\\\/taxirabattours.com\\\/fr\\\/#organization\",\"name\":\"Private Taxi Rabat\",\"url\":\"https:\\\/\\\/taxirabattours.com\\\/fr\\\/\",\"logo\":{\"@type\":\"ImageObject\",\"inLanguage\":\"fr-FR\",\"@id\":\"https:\\\/\\\/taxirabattours.com\\\/fr\\\/#\\\/schema\\\/logo\\\/image\\\/\",\"url\":\"https:\\\/\\\/taxirabattours.com\\\/wp-content\\\/uploads\\\/2020\\\/02\\\/logo-private-taxi-rabat.png\",\"contentUrl\":\"https:\\\/\\\/taxirabattours.com\\\/wp-content\\\/uploads\\\/2020\\\/02\\\/logo-private-taxi-rabat.png\",\"width\":1920,\"height\":576,\"caption\":\"Private Taxi Rabat\"},\"image\":{\"@id\":\"https:\\\/\\\/taxirabattours.com\\\/fr\\\/#\\\/schema\\\/logo\\\/image\\\/\"}}]}<\/script>\n<!-- \/ Yoast SEO plugin. -->","yoast_head_json":{"title":"Conditions g\u00e9n\u00e9rales de vente","description":"Conditions g\u00e9n\u00e9rales de vente","robots":{"index":"noindex","follow":"nofollow"},"og_locale":"fr_FR","og_type":"article","og_title":"Conditions g\u00e9n\u00e9rales de vente","og_description":"Conditions g\u00e9n\u00e9rales de vente","og_url":"https:\/\/taxirabattours.com\/fr\/conditions-generales-de-vente\/","og_site_name":"Transfert Airport | Rabat Taxi Tours Transport VTC | Rabat","article_modified_time":"2023-06-12T00:03:34+00:00","twitter_card":"summary_large_image","twitter_misc":{"Dur\u00e9e de lecture estim\u00e9e":"5 minutes"},"schema":{"@context":"https:\/\/schema.org","@graph":[{"@type":"WebPage","@id":"https:\/\/taxirabattours.com\/fr\/conditions-generales-de-vente\/","url":"https:\/\/taxirabattours.com\/fr\/conditions-generales-de-vente\/","name":"Conditions g\u00e9n\u00e9rales de vente","isPartOf":{"@id":"https:\/\/taxirabattours.com\/fr\/#website"},"datePublished":"2021-04-07T22:20:56+00:00","dateModified":"2023-06-12T00:03:34+00:00","description":"Conditions g\u00e9n\u00e9rales de vente","breadcrumb":{"@id":"https:\/\/taxirabattours.com\/fr\/conditions-generales-de-vente\/#breadcrumb"},"inLanguage":"fr-FR","potentialAction":[{"@type":"ReadAction","target":["https:\/\/taxirabattours.com\/fr\/conditions-generales-de-vente\/"]}]},{"@type":"BreadcrumbList","@id":"https:\/\/taxirabattours.com\/fr\/conditions-generales-de-vente\/#breadcrumb","itemListElement":[{"@type":"ListItem","position":1,"name":"Accueil","item":"https:\/\/taxirabattours.com\/fr\/"},{"@type":"ListItem","position":2,"name":"CONDITIONS GENERALES DE VENTE"}]},{"@type":"WebSite","@id":"https:\/\/taxirabattours.com\/fr\/#website","url":"https:\/\/taxirabattours.com\/fr\/","name":"Transfert Airport | Rabat Taxi Tours Transport VTC | Rabat","description":"","publisher":{"@id":"https:\/\/taxirabattours.com\/fr\/#organization"},"potentialAction":[{"@type":"SearchAction","target":{"@type":"EntryPoint","urlTemplate":"https:\/\/taxirabattours.com\/fr\/?s={search_term_string}"},"query-input":{"@type":"PropertyValueSpecification","valueRequired":true,"valueName":"search_term_string"}}],"inLanguage":"fr-FR"},{"@type":"Organization","@id":"https:\/\/taxirabattours.com\/fr\/#organization","name":"Private Taxi Rabat","url":"https:\/\/taxirabattours.com\/fr\/","logo":{"@type":"ImageObject","inLanguage":"fr-FR","@id":"https:\/\/taxirabattours.com\/fr\/#\/schema\/logo\/image\/","url":"https:\/\/taxirabattours.com\/wp-content\/uploads\/2020\/02\/logo-private-taxi-rabat.png","contentUrl":"https:\/\/taxirabattours.com\/wp-content\/uploads\/2020\/02\/logo-private-taxi-rabat.png","width":1920,"height":576,"caption":"Private Taxi Rabat"},"image":{"@id":"https:\/\/taxirabattours.com\/fr\/#\/schema\/logo\/image\/"}}]}},"_links":{"self":[{"href":"https:\/\/taxirabattours.com\/fr\/wp-json\/wp\/v2\/pages\/15755","targetHints":{"allow":["GET"]}}],"collection":[{"href":"https:\/\/taxirabattours.com\/fr\/wp-json\/wp\/v2\/pages"}],"about":[{"href":"https:\/\/taxirabattours.com\/fr\/wp-json\/wp\/v2\/types\/page"}],"author":[{"embeddable":true,"href":"https:\/\/taxirabattours.com\/fr\/wp-json\/wp\/v2\/users\/1"}],"replies":[{"embeddable":true,"href":"https:\/\/taxirabattours.com\/fr\/wp-json\/wp\/v2\/comments?post=15755"}],"version-history":[{"count":5,"href":"https:\/\/taxirabattours.com\/fr\/wp-json\/wp\/v2\/pages\/15755\/revisions"}],"predecessor-version":[{"id":16516,"href":"https:\/\/taxirabattours.com\/fr\/wp-json\/wp\/v2\/pages\/15755\/revisions\/16516"}],"wp:attachment":[{"href":"https:\/\/taxirabattours.com\/fr\/wp-json\/wp\/v2\/media?parent=15755"}],"curies":[{"name":"wp","href":"https:\/\/api.w.org\/{rel}","templated":true}]}}