{"id":15366,"date":"2020-02-14T18:19:32","date_gmt":"2020-02-14T17:19:32","guid":{"rendered":"https:\/\/taxirabattours.com\/de-rabat-a-marrakech-2\/"},"modified":"2023-06-12T00:49:16","modified_gmt":"2023-06-11T23:49:16","slug":"de-rabat-a-marrakech-2","status":"publish","type":"page","link":"https:\/\/taxirabattours.com\/fr\/de-rabat-a-marrakech-2\/","title":{"rendered":"De Rabat \u00e0 Marrakech"},"content":{"rendered":"\t\t<div data-elementor-type=\"wp-page\" data-elementor-id=\"15366\" class=\"elementor elementor-15366 elementor-10564\">\n\t\t\t\t\t\t<section class=\"elementor-section elementor-top-section elementor-element elementor-element-25cb9e6d elementor-section-stretched elementor-section-full_width elementor-hidden-mobile elementor-section-height-default elementor-section-height-default\" data-id=\"25cb9e6d\" data-element_type=\"section\" data-e-type=\"section\" data-settings=\"{&quot;stretch_section&quot;:&quot;section-stretched&quot;,&quot;background_background&quot;:&quot;classic&quot;}\">\n\t\t\t\t\t\t<div class=\"elementor-container elementor-column-gap-default\">\n\t\t\t\t\t<div class=\"elementor-column elementor-col-100 elementor-top-column elementor-element elementor-element-135ddd56\" data-id=\"135ddd56\" data-element_type=\"column\" data-e-type=\"column\">\n\t\t\t<div class=\"elementor-widget-wrap elementor-element-populated\">\n\t\t\t\t\t\t<div class=\"elementor-element elementor-element-73d58f4f elementor-widget elementor-widget-text-editor\" data-id=\"73d58f4f\" data-element_type=\"widget\" data-e-type=\"widget\" data-widget_type=\"text-editor.default\">\n\t\t\t\t<div class=\"elementor-widget-container\">\n\t\t\t\t\t\t\t\t\t<p>R\u00c9SULTATS<\/p>\n\t\t\t\t\t\t\t\t<\/div>\n\t\t\t\t<\/div>\n\t\t\t\t\t<\/div>\n\t\t<\/div>\n\t\t\t\t\t<\/div>\n\t\t<\/section>\n\t\t\t\t<section class=\"elementor-section elementor-top-section elementor-element elementor-element-77ec5def elementor-section-stretched elementor-section-full_width elementor-section-height-default elementor-section-height-default\" data-id=\"77ec5def\" data-element_type=\"section\" data-e-type=\"section\" data-settings=\"{&quot;stretch_section&quot;:&quot;section-stretched&quot;}\">\n\t\t\t\t\t\t<div class=\"elementor-container elementor-column-gap-default\">\n\t\t\t\t\t<div class=\"elementor-column elementor-col-100 elementor-top-column elementor-element elementor-element-6bff8dfb\" data-id=\"6bff8dfb\" data-element_type=\"column\" data-e-type=\"column\">\n\t\t\t<div class=\"elementor-widget-wrap elementor-element-populated\">\n\t\t\t\t\t\t<div class=\"elementor-element elementor-element-581434a4 elementor-widget elementor-widget-heading\" data-id=\"581434a4\" data-element_type=\"widget\" data-e-type=\"widget\" data-widget_type=\"heading.default\">\n\t\t\t\t<div class=\"elementor-widget-container\">\n\t\t\t\t\t<h2 class=\"elementor-heading-title elementor-size-default\">Aller simple de Rabat \u00e0 Marrakech<\/h2>\t\t\t\t<\/div>\n\t\t\t\t<\/div>\n\t\t\t\t<div class=\"elementor-element elementor-element-10e5cc5b elementor-widget elementor-widget-text-editor\" data-id=\"10e5cc5b\" data-element_type=\"widget\" data-e-type=\"widget\" data-widget_type=\"text-editor.default\">\n\t\t\t\t<div class=\"elementor-widget-container\">\n\t\t\t\t\t\t\t\t\t<p>Chauffeur professionnel et v\u00e9hicule priv\u00e9 climatis\u00e9<\/p>\n\t\t\t\t\t\t\t\t<\/div>\n\t\t\t\t<\/div>\n\t\t\t\t\t<\/div>\n\t\t<\/div>\n\t\t\t\t\t<\/div>\n\t\t<\/section>\n\t\t\t\t<section class=\"elementor-section elementor-top-section elementor-element elementor-element-67eec8b elementor-section-stretched animated-slow elementor-section-boxed elementor-section-height-default elementor-section-height-default elementor-invisible\" data-id=\"67eec8b\" data-element_type=\"section\" data-e-type=\"section\" data-settings=\"{&quot;stretch_section&quot;:&quot;section-stretched&quot;,&quot;animation&quot;:&quot;fadeIn&quot;}\">\n\t\t\t\t\t\t<div class=\"elementor-container elementor-column-gap-default\">\n\t\t\t\t\t<div class=\"elementor-column elementor-col-33 elementor-top-column elementor-element elementor-element-1b91a418\" data-id=\"1b91a418\" data-element_type=\"column\" data-e-type=\"column\">\n\t\t\t<div class=\"elementor-widget-wrap elementor-element-populated\">\n\t\t\t\t\t\t<div class=\"elementor-element elementor-element-73e962e2 e-transform elementor-widget elementor-widget-image\" data-id=\"73e962e2\" data-element_type=\"widget\" data-e-type=\"widget\" data-settings=\"{&quot;_transform_scale_effect&quot;:{&quot;unit&quot;:&quot;px&quot;,&quot;size&quot;:1.4,&quot;sizes&quot;:[]},&quot;_transform_scale_effect_tablet&quot;:{&quot;unit&quot;:&quot;px&quot;,&quot;size&quot;:&quot;&quot;,&quot;sizes&quot;:[]},&quot;_transform_scale_effect_mobile&quot;:{&quot;unit&quot;:&quot;px&quot;,&quot;size&quot;:&quot;&quot;,&quot;sizes&quot;:[]}}\" data-widget_type=\"image.default\">\n\t\t\t\t<div class=\"elementor-widget-container\">\n\t\t\t\t\t\t\t\t\t\t\t\t\t\t\t<img fetchpriority=\"high\" decoding=\"async\" width=\"1920\" height=\"1080\" src=\"https:\/\/taxirabattours.com\/wp-content\/uploads\/2022\/05\/4256e2_8fb3c23bbf4941f6a1c2b1b8b822ff13_mv2.png\" class=\"attachment-full size-full wp-image-15070\" alt=\"Casablanca Airport to Fes Taxi\" srcset=\"https:\/\/taxirabattours.com\/wp-content\/uploads\/2022\/05\/4256e2_8fb3c23bbf4941f6a1c2b1b8b822ff13_mv2.png 1920w, https:\/\/taxirabattours.com\/wp-content\/uploads\/2022\/05\/4256e2_8fb3c23bbf4941f6a1c2b1b8b822ff13_mv2-300x169.png 300w, https:\/\/taxirabattours.com\/wp-content\/uploads\/2022\/05\/4256e2_8fb3c23bbf4941f6a1c2b1b8b822ff13_mv2-1024x576.png 1024w, https:\/\/taxirabattours.com\/wp-content\/uploads\/2022\/05\/4256e2_8fb3c23bbf4941f6a1c2b1b8b822ff13_mv2-768x432.png 768w, https:\/\/taxirabattours.com\/wp-content\/uploads\/2022\/05\/4256e2_8fb3c23bbf4941f6a1c2b1b8b822ff13_mv2-1536x864.png 1536w\" sizes=\"(max-width: 1920px) 100vw, 1920px\" \/>\t\t\t\t\t\t\t\t\t\t\t\t\t\t\t<\/div>\n\t\t\t\t<\/div>\n\t\t\t\t<div class=\"elementor-element elementor-element-5e37f499 elementor-widget elementor-widget-heading\" data-id=\"5e37f499\" data-element_type=\"widget\" data-e-type=\"widget\" data-widget_type=\"heading.default\">\n\t\t\t\t<div class=\"elementor-widget-container\">\n\t\t\t\t\t<div class=\"elementor-heading-title elementor-size-default\">KIA - SORENTO\n<\/div>\t\t\t\t<\/div>\n\t\t\t\t<\/div>\n\t\t\t\t<div class=\"elementor-element elementor-element-4bc2194b elementor-widget elementor-widget-text-editor\" data-id=\"4bc2194b\" data-element_type=\"widget\" data-e-type=\"widget\" data-widget_type=\"text-editor.default\">\n\t\t\t\t<div class=\"elementor-widget-container\">\n\t\t\t\t\t\t\t\t\t<p><b>Max 4 passagers.<br \/><\/b>Prix total : <b>Aller simple.<br \/><\/b><b>Prix total. Tous les passagers.<br \/><\/b>A partir de :<strong> 200\u00a0<\/strong><span style=\"font-weight: bold; background-color: var( --e-global-color-astglobalcolor5 );\">\u00a0<\/span><span style=\"font-weight: bold; background-color: var( --e-global-color-astglobalcolor5 );\">euros<\/span><\/p>\t\t\t\t\t\t\t\t<\/div>\n\t\t\t\t<\/div>\n\t\t\t\t<div class=\"elementor-element elementor-element-71da10c9 elementor-button-warning elementor-align-center elementor-widget elementor-widget-button\" data-id=\"71da10c9\" data-element_type=\"widget\" data-e-type=\"widget\" data-widget_type=\"button.default\">\n\t\t\t\t<div class=\"elementor-widget-container\">\n\t\t\t\t\t\t\t\t\t<div class=\"elementor-button-wrapper\">\n\t\t\t\t\t<a class=\"elementor-button elementor-button-link elementor-size-md\" href=\"https:\/\/taxirabattours.com\/booking\/?a=rabat_marrakech&#038;?c=p1\">\n\t\t\t\t\t\t<span class=\"elementor-button-content-wrapper\">\n\t\t\t\t\t\t\t\t\t<span class=\"elementor-button-text\">R\u00e9servez maintenant<\/span>\n\t\t\t\t\t<\/span>\n\t\t\t\t\t<\/a>\n\t\t\t\t<\/div>\n\t\t\t\t\t\t\t\t<\/div>\n\t\t\t\t<\/div>\n\t\t\t\t\t<\/div>\n\t\t<\/div>\n\t\t\t\t<div class=\"elementor-column elementor-col-33 elementor-top-column elementor-element elementor-element-217b7534\" data-id=\"217b7534\" data-element_type=\"column\" data-e-type=\"column\">\n\t\t\t<div class=\"elementor-widget-wrap elementor-element-populated\">\n\t\t\t\t\t\t<div class=\"elementor-element elementor-element-104471fe e-transform elementor-widget elementor-widget-image\" data-id=\"104471fe\" data-element_type=\"widget\" data-e-type=\"widget\" data-settings=\"{&quot;_transform_scale_effect&quot;:{&quot;unit&quot;:&quot;px&quot;,&quot;size&quot;:1.4,&quot;sizes&quot;:[]},&quot;_transform_scale_effect_tablet&quot;:{&quot;unit&quot;:&quot;px&quot;,&quot;size&quot;:&quot;&quot;,&quot;sizes&quot;:[]},&quot;_transform_scale_effect_mobile&quot;:{&quot;unit&quot;:&quot;px&quot;,&quot;size&quot;:&quot;&quot;,&quot;sizes&quot;:[]}}\" data-widget_type=\"image.default\">\n\t\t\t\t<div class=\"elementor-widget-container\">\n\t\t\t\t\t\t\t\t\t\t\t\t\t\t\t<img decoding=\"async\" width=\"1920\" height=\"1080\" src=\"https:\/\/taxirabattours.com\/wp-content\/uploads\/2020\/02\/4256e2_6a2573a6a7f94f329ab05cbb3f54bae8_mv2.png\" class=\"attachment-full size-full wp-image-14626\" alt=\"Casablanca Airport to Rabat Taxi\" srcset=\"https:\/\/taxirabattours.com\/wp-content\/uploads\/2020\/02\/4256e2_6a2573a6a7f94f329ab05cbb3f54bae8_mv2.png 1920w, https:\/\/taxirabattours.com\/wp-content\/uploads\/2020\/02\/4256e2_6a2573a6a7f94f329ab05cbb3f54bae8_mv2-300x169.png 300w, https:\/\/taxirabattours.com\/wp-content\/uploads\/2020\/02\/4256e2_6a2573a6a7f94f329ab05cbb3f54bae8_mv2-1024x576.png 1024w, https:\/\/taxirabattours.com\/wp-content\/uploads\/2020\/02\/4256e2_6a2573a6a7f94f329ab05cbb3f54bae8_mv2-768x432.png 768w, https:\/\/taxirabattours.com\/wp-content\/uploads\/2020\/02\/4256e2_6a2573a6a7f94f329ab05cbb3f54bae8_mv2-1536x864.png 1536w\" sizes=\"(max-width: 1920px) 100vw, 1920px\" \/>\t\t\t\t\t\t\t\t\t\t\t\t\t\t\t<\/div>\n\t\t\t\t<\/div>\n\t\t\t\t<div class=\"elementor-element elementor-element-140e2ff6 elementor-widget elementor-widget-heading\" data-id=\"140e2ff6\" data-element_type=\"widget\" data-e-type=\"widget\" data-widget_type=\"heading.default\">\n\t\t\t\t<div class=\"elementor-widget-container\">\n\t\t\t\t\t<div class=\"elementor-heading-title elementor-size-default\">MERCEDES - VITO<\/div>\t\t\t\t<\/div>\n\t\t\t\t<\/div>\n\t\t\t\t<div class=\"elementor-element elementor-element-2294e0e elementor-widget elementor-widget-text-editor\" data-id=\"2294e0e\" data-element_type=\"widget\" data-e-type=\"widget\" data-widget_type=\"text-editor.default\">\n\t\t\t\t<div class=\"elementor-widget-container\">\n\t\t\t\t\t\t\t\t\t<p><b>Max 7 passagers.<\/b><br \/>Prix total : <b>Aller simple.<br \/><\/b><b>Prix total. Tous les passagers.<br \/><\/b>A partir de :<strong> 230\u00a0<\/strong><span style=\"font-weight: bold; background-color: var( --e-global-color-astglobalcolor5 );\">\u00a0<\/span><span style=\"font-weight: bold; background-color: var( --e-global-color-astglobalcolor5 );\">euros<\/span><\/p>\t\t\t\t\t\t\t\t<\/div>\n\t\t\t\t<\/div>\n\t\t\t\t<div class=\"elementor-element elementor-element-3ba0ac3d elementor-button-warning elementor-align-center elementor-widget elementor-widget-button\" data-id=\"3ba0ac3d\" data-element_type=\"widget\" data-e-type=\"widget\" data-widget_type=\"button.default\">\n\t\t\t\t<div class=\"elementor-widget-container\">\n\t\t\t\t\t\t\t\t\t<div class=\"elementor-button-wrapper\">\n\t\t\t\t\t<a class=\"elementor-button elementor-button-link elementor-size-md\" href=\"https:\/\/taxirabattours.com\/booking\/?a=rabat_marrakech&#038;?c=p2\">\n\t\t\t\t\t\t<span class=\"elementor-button-content-wrapper\">\n\t\t\t\t\t\t\t\t\t<span class=\"elementor-button-text\">R\u00e9servez maintenant<\/span>\n\t\t\t\t\t<\/span>\n\t\t\t\t\t<\/a>\n\t\t\t\t<\/div>\n\t\t\t\t\t\t\t\t<\/div>\n\t\t\t\t<\/div>\n\t\t\t\t\t<\/div>\n\t\t<\/div>\n\t\t\t\t<div class=\"elementor-column elementor-col-33 elementor-top-column elementor-element elementor-element-24fede65\" data-id=\"24fede65\" data-element_type=\"column\" data-e-type=\"column\" data-settings=\"{&quot;background_background&quot;:&quot;classic&quot;}\">\n\t\t\t<div class=\"elementor-widget-wrap elementor-element-populated\">\n\t\t\t\t\t\t<div class=\"elementor-element elementor-element-575a8ba2 e-transform elementor-widget elementor-widget-image\" data-id=\"575a8ba2\" data-element_type=\"widget\" data-e-type=\"widget\" data-settings=\"{&quot;_transform_scale_effect&quot;:{&quot;unit&quot;:&quot;px&quot;,&quot;size&quot;:1.4,&quot;sizes&quot;:[]},&quot;_transform_scale_effect_tablet&quot;:{&quot;unit&quot;:&quot;px&quot;,&quot;size&quot;:&quot;&quot;,&quot;sizes&quot;:[]},&quot;_transform_scale_effect_mobile&quot;:{&quot;unit&quot;:&quot;px&quot;,&quot;size&quot;:&quot;&quot;,&quot;sizes&quot;:[]}}\" data-widget_type=\"image.default\">\n\t\t\t\t<div class=\"elementor-widget-container\">\n\t\t\t\t\t\t\t\t\t\t\t\t\t\t\t<img decoding=\"async\" width=\"1920\" height=\"1080\" src=\"https:\/\/taxirabattours.com\/wp-content\/uploads\/2020\/02\/4256e2_17b572876dd04f82acb06b8fd0bdc31c_mv2.png\" class=\"attachment-full size-full wp-image-14630\" alt=\"Casablanca Airport Transportation\" srcset=\"https:\/\/taxirabattours.com\/wp-content\/uploads\/2020\/02\/4256e2_17b572876dd04f82acb06b8fd0bdc31c_mv2.png 1920w, https:\/\/taxirabattours.com\/wp-content\/uploads\/2020\/02\/4256e2_17b572876dd04f82acb06b8fd0bdc31c_mv2-300x169.png 300w, https:\/\/taxirabattours.com\/wp-content\/uploads\/2020\/02\/4256e2_17b572876dd04f82acb06b8fd0bdc31c_mv2-1024x576.png 1024w, https:\/\/taxirabattours.com\/wp-content\/uploads\/2020\/02\/4256e2_17b572876dd04f82acb06b8fd0bdc31c_mv2-768x432.png 768w, https:\/\/taxirabattours.com\/wp-content\/uploads\/2020\/02\/4256e2_17b572876dd04f82acb06b8fd0bdc31c_mv2-1536x864.png 1536w\" sizes=\"(max-width: 1920px) 100vw, 1920px\" \/>\t\t\t\t\t\t\t\t\t\t\t\t\t\t\t<\/div>\n\t\t\t\t<\/div>\n\t\t\t\t<div class=\"elementor-element elementor-element-7cad13cd elementor-widget elementor-widget-heading\" data-id=\"7cad13cd\" data-element_type=\"widget\" data-e-type=\"widget\" data-widget_type=\"heading.default\">\n\t\t\t\t<div class=\"elementor-widget-container\">\n\t\t\t\t\t<div class=\"elementor-heading-title elementor-size-default\">MERCEDES - SPRINTER<\/div>\t\t\t\t<\/div>\n\t\t\t\t<\/div>\n\t\t\t\t<div class=\"elementor-element elementor-element-3523643d elementor-widget elementor-widget-text-editor\" data-id=\"3523643d\" data-element_type=\"widget\" data-e-type=\"widget\" data-widget_type=\"text-editor.default\">\n\t\t\t\t<div class=\"elementor-widget-container\">\n\t\t\t\t\t\t\t\t\t<p><b>Max 17 passagers.<br><\/b>Prix total : <b>Aller simple.<br><\/b><b>Prix total. Tous les passagers.<br><\/b>A partir de :<strong> 320&nbsp;<\/strong><span style=\"font-weight: 700; background-color: var( --e-global-color-astglobalcolor5 );\">&nbsp;<\/span><span style=\"font-weight: 700; background-color: var( --e-global-color-astglobalcolor5 );\">euros<\/span><\/p>\t\t\t\t\t\t\t\t<\/div>\n\t\t\t\t<\/div>\n\t\t\t\t<div class=\"elementor-element elementor-element-74637528 elementor-button-warning elementor-align-center elementor-widget elementor-widget-button\" data-id=\"74637528\" data-element_type=\"widget\" data-e-type=\"widget\" data-widget_type=\"button.default\">\n\t\t\t\t<div class=\"elementor-widget-container\">\n\t\t\t\t\t\t\t\t\t<div class=\"elementor-button-wrapper\">\n\t\t\t\t\t<a class=\"elementor-button elementor-button-link elementor-size-md\" href=\"https:\/\/taxirabattours.com\/booking\/?a=rabat_marrakech&#038;?c=p3\">\n\t\t\t\t\t\t<span class=\"elementor-button-content-wrapper\">\n\t\t\t\t\t\t\t\t\t<span class=\"elementor-button-text\">R\u00e9servez maintenant<\/span>\n\t\t\t\t\t<\/span>\n\t\t\t\t\t<\/a>\n\t\t\t\t<\/div>\n\t\t\t\t\t\t\t\t<\/div>\n\t\t\t\t<\/div>\n\t\t\t\t\t<\/div>\n\t\t<\/div>\n\t\t\t\t\t<\/div>\n\t\t<\/section>\n\t\t\t\t<\/div>\n\t\t","protected":false},"excerpt":{"rendered":"<p>R\u00c9SULTATS Aller simple de Rabat \u00e0 Marrakech Chauffeur professionnel et v\u00e9hicule priv\u00e9 climatis\u00e9 KIA &#8211; SORENTO Max 4 passagers.Prix total : Aller simple.Prix total. Tous les passagers.A partir de : 200\u00a0\u00a0euros R\u00e9servez maintenant MERCEDES &#8211; VITO Max 7 passagers.Prix total : Aller simple.Prix total. Tous les passagers.A partir de : 230\u00a0\u00a0euros R\u00e9servez maintenant MERCEDES &#8211; &hellip;<\/p>\n<p class=\"read-more\"> <a class=\"\" href=\"https:\/\/taxirabattours.com\/fr\/de-rabat-a-marrakech-2\/\"> <span class=\"screen-reader-text\">De Rabat \u00e0 Marrakech<\/span> Lire la suite\u00a0\u00bb<\/a><\/p>\n","protected":false},"author":1,"featured_media":14502,"parent":0,"menu_order":0,"comment_status":"closed","ping_status":"closed","template":"","meta":{"site-sidebar-layout":"default","site-content-layout":"default","ast-global-header-display":"","ast-main-header-display":"","ast-hfb-above-header-display":"","ast-hfb-below-header-display":"","ast-hfb-mobile-header-display":"","site-post-title":"","ast-breadcrumbs-content":"","ast-featured-img":"","footer-sml-layout":"","theme-transparent-header-meta":"","adv-header-id-meta":"","stick-header-meta":"","header-above-stick-meta":"","header-main-stick-meta":"","header-below-stick-meta":"","footnotes":""},"class_list":["post-15366","page","type-page","status-publish","has-post-thumbnail","hentry"],"yoast_head":"<!-- This site is optimized with the Yoast SEO plugin v27.4 - https:\/\/yoast.com\/product\/yoast-seo-wordpress\/ -->\n<title>Circuits priv\u00e9s au Maroc - Transfert de Rabat \u00e0 Marrakech<\/title>\n<meta name=\"description\" content=\"D\u00e9couvrez nos v\u00e9hicules et les prix des transferts priv\u00e9s de Rabat \u00e0 Marrakech. Nos chauffeurs parlent anglais, fran\u00e7ais et espagnol.annulation gratuite\" \/>\n<meta name=\"robots\" content=\"noindex, nofollow\" \/>\n<meta property=\"og:locale\" content=\"fr_FR\" \/>\n<meta property=\"og:type\" content=\"article\" \/>\n<meta property=\"og:title\" content=\"Circuits priv\u00e9s au Maroc - Transfert de Rabat \u00e0 Marrakech\" \/>\n<meta property=\"og:description\" content=\"D\u00e9couvrez nos v\u00e9hicules et les prix des transferts priv\u00e9s de Rabat \u00e0 Marrakech. Nos chauffeurs parlent anglais, fran\u00e7ais et espagnol.annulation gratuite\" \/>\n<meta property=\"og:url\" content=\"https:\/\/taxirabattours.com\/fr\/de-rabat-a-marrakech-2\/\" \/>\n<meta property=\"og:site_name\" content=\"Transfert Airport | Rabat Taxi Tours Transport VTC | Rabat\" \/>\n<meta property=\"article:modified_time\" content=\"2023-06-11T23:49:16+00:00\" \/>\n<meta property=\"og:image\" content=\"https:\/\/taxirabattours.com\/wp-content\/uploads\/2020\/02\/RABAT-TO-CHEFCHAOUEN.png\" \/>\n\t<meta property=\"og:image:width\" content=\"1024\" \/>\n\t<meta property=\"og:image:height\" content=\"768\" \/>\n\t<meta property=\"og:image:type\" content=\"image\/png\" \/>\n<meta name=\"twitter:card\" content=\"summary_large_image\" \/>\n<script type=\"application\/ld+json\" class=\"yoast-schema-graph\">{\"@context\":\"https:\\\/\\\/schema.org\",\"@graph\":[{\"@type\":\"WebPage\",\"@id\":\"https:\\\/\\\/taxirabattours.com\\\/fr\\\/de-rabat-a-marrakech-2\\\/\",\"url\":\"https:\\\/\\\/taxirabattours.com\\\/fr\\\/de-rabat-a-marrakech-2\\\/\",\"name\":\"Circuits priv\u00e9s au Maroc - Transfert de Rabat \u00e0 Marrakech\",\"isPartOf\":{\"@id\":\"https:\\\/\\\/taxirabattours.com\\\/fr\\\/#website\"},\"primaryImageOfPage\":{\"@id\":\"https:\\\/\\\/taxirabattours.com\\\/fr\\\/de-rabat-a-marrakech-2\\\/#primaryimage\"},\"image\":{\"@id\":\"https:\\\/\\\/taxirabattours.com\\\/fr\\\/de-rabat-a-marrakech-2\\\/#primaryimage\"},\"thumbnailUrl\":\"https:\\\/\\\/taxirabattours.com\\\/wp-content\\\/uploads\\\/2020\\\/02\\\/RABAT-TO-CHEFCHAOUEN.png\",\"datePublished\":\"2020-02-14T17:19:32+00:00\",\"dateModified\":\"2023-06-11T23:49:16+00:00\",\"description\":\"D\u00e9couvrez nos v\u00e9hicules et les prix des transferts priv\u00e9s de Rabat \u00e0 Marrakech. Nos chauffeurs parlent anglais, fran\u00e7ais et espagnol.annulation gratuite\",\"breadcrumb\":{\"@id\":\"https:\\\/\\\/taxirabattours.com\\\/fr\\\/de-rabat-a-marrakech-2\\\/#breadcrumb\"},\"inLanguage\":\"fr-FR\",\"potentialAction\":[{\"@type\":\"ReadAction\",\"target\":[\"https:\\\/\\\/taxirabattours.com\\\/fr\\\/de-rabat-a-marrakech-2\\\/\"]}]},{\"@type\":\"ImageObject\",\"inLanguage\":\"fr-FR\",\"@id\":\"https:\\\/\\\/taxirabattours.com\\\/fr\\\/de-rabat-a-marrakech-2\\\/#primaryimage\",\"url\":\"https:\\\/\\\/taxirabattours.com\\\/wp-content\\\/uploads\\\/2020\\\/02\\\/RABAT-TO-CHEFCHAOUEN.png\",\"contentUrl\":\"https:\\\/\\\/taxirabattours.com\\\/wp-content\\\/uploads\\\/2020\\\/02\\\/RABAT-TO-CHEFCHAOUEN.png\",\"width\":1024,\"height\":768},{\"@type\":\"BreadcrumbList\",\"@id\":\"https:\\\/\\\/taxirabattours.com\\\/fr\\\/de-rabat-a-marrakech-2\\\/#breadcrumb\",\"itemListElement\":[{\"@type\":\"ListItem\",\"position\":1,\"name\":\"Accueil\",\"item\":\"https:\\\/\\\/taxirabattours.com\\\/fr\\\/\"},{\"@type\":\"ListItem\",\"position\":2,\"name\":\"De Rabat \u00e0 Marrakech\"}]},{\"@type\":\"WebSite\",\"@id\":\"https:\\\/\\\/taxirabattours.com\\\/fr\\\/#website\",\"url\":\"https:\\\/\\\/taxirabattours.com\\\/fr\\\/\",\"name\":\"Transfert Airport | Rabat Taxi Tours Transport VTC | Rabat\",\"description\":\"\",\"publisher\":{\"@id\":\"https:\\\/\\\/taxirabattours.com\\\/fr\\\/#organization\"},\"potentialAction\":[{\"@type\":\"SearchAction\",\"target\":{\"@type\":\"EntryPoint\",\"urlTemplate\":\"https:\\\/\\\/taxirabattours.com\\\/fr\\\/?s={search_term_string}\"},\"query-input\":{\"@type\":\"PropertyValueSpecification\",\"valueRequired\":true,\"valueName\":\"search_term_string\"}}],\"inLanguage\":\"fr-FR\"},{\"@type\":\"Organization\",\"@id\":\"https:\\\/\\\/taxirabattours.com\\\/fr\\\/#organization\",\"name\":\"Private Taxi Rabat\",\"url\":\"https:\\\/\\\/taxirabattours.com\\\/fr\\\/\",\"logo\":{\"@type\":\"ImageObject\",\"inLanguage\":\"fr-FR\",\"@id\":\"https:\\\/\\\/taxirabattours.com\\\/fr\\\/#\\\/schema\\\/logo\\\/image\\\/\",\"url\":\"https:\\\/\\\/taxirabattours.com\\\/wp-content\\\/uploads\\\/2020\\\/02\\\/logo-private-taxi-rabat.png\",\"contentUrl\":\"https:\\\/\\\/taxirabattours.com\\\/wp-content\\\/uploads\\\/2020\\\/02\\\/logo-private-taxi-rabat.png\",\"width\":1920,\"height\":576,\"caption\":\"Private Taxi Rabat\"},\"image\":{\"@id\":\"https:\\\/\\\/taxirabattours.com\\\/fr\\\/#\\\/schema\\\/logo\\\/image\\\/\"}}]}<\/script>\n<!-- \/ Yoast SEO plugin. -->","yoast_head_json":{"title":"Circuits priv\u00e9s au Maroc - Transfert de Rabat \u00e0 Marrakech","description":"D\u00e9couvrez nos v\u00e9hicules et les prix des transferts priv\u00e9s de Rabat \u00e0 Marrakech. Nos chauffeurs parlent anglais, fran\u00e7ais et espagnol.annulation gratuite","robots":{"index":"noindex","follow":"nofollow"},"og_locale":"fr_FR","og_type":"article","og_title":"Circuits priv\u00e9s au Maroc - Transfert de Rabat \u00e0 Marrakech","og_description":"D\u00e9couvrez nos v\u00e9hicules et les prix des transferts priv\u00e9s de Rabat \u00e0 Marrakech. Nos chauffeurs parlent anglais, fran\u00e7ais et espagnol.annulation gratuite","og_url":"https:\/\/taxirabattours.com\/fr\/de-rabat-a-marrakech-2\/","og_site_name":"Transfert Airport | Rabat Taxi Tours Transport VTC | Rabat","article_modified_time":"2023-06-11T23:49:16+00:00","og_image":[{"width":1024,"height":768,"url":"https:\/\/taxirabattours.com\/wp-content\/uploads\/2020\/02\/RABAT-TO-CHEFCHAOUEN.png","type":"image\/png"}],"twitter_card":"summary_large_image","schema":{"@context":"https:\/\/schema.org","@graph":[{"@type":"WebPage","@id":"https:\/\/taxirabattours.com\/fr\/de-rabat-a-marrakech-2\/","url":"https:\/\/taxirabattours.com\/fr\/de-rabat-a-marrakech-2\/","name":"Circuits priv\u00e9s au Maroc - Transfert de Rabat \u00e0 Marrakech","isPartOf":{"@id":"https:\/\/taxirabattours.com\/fr\/#website"},"primaryImageOfPage":{"@id":"https:\/\/taxirabattours.com\/fr\/de-rabat-a-marrakech-2\/#primaryimage"},"image":{"@id":"https:\/\/taxirabattours.com\/fr\/de-rabat-a-marrakech-2\/#primaryimage"},"thumbnailUrl":"https:\/\/taxirabattours.com\/wp-content\/uploads\/2020\/02\/RABAT-TO-CHEFCHAOUEN.png","datePublished":"2020-02-14T17:19:32+00:00","dateModified":"2023-06-11T23:49:16+00:00","description":"D\u00e9couvrez nos v\u00e9hicules et les prix des transferts priv\u00e9s de Rabat \u00e0 Marrakech. Nos chauffeurs parlent anglais, fran\u00e7ais et espagnol.annulation gratuite","breadcrumb":{"@id":"https:\/\/taxirabattours.com\/fr\/de-rabat-a-marrakech-2\/#breadcrumb"},"inLanguage":"fr-FR","potentialAction":[{"@type":"ReadAction","target":["https:\/\/taxirabattours.com\/fr\/de-rabat-a-marrakech-2\/"]}]},{"@type":"ImageObject","inLanguage":"fr-FR","@id":"https:\/\/taxirabattours.com\/fr\/de-rabat-a-marrakech-2\/#primaryimage","url":"https:\/\/taxirabattours.com\/wp-content\/uploads\/2020\/02\/RABAT-TO-CHEFCHAOUEN.png","contentUrl":"https:\/\/taxirabattours.com\/wp-content\/uploads\/2020\/02\/RABAT-TO-CHEFCHAOUEN.png","width":1024,"height":768},{"@type":"BreadcrumbList","@id":"https:\/\/taxirabattours.com\/fr\/de-rabat-a-marrakech-2\/#breadcrumb","itemListElement":[{"@type":"ListItem","position":1,"name":"Accueil","item":"https:\/\/taxirabattours.com\/fr\/"},{"@type":"ListItem","position":2,"name":"De Rabat \u00e0 Marrakech"}]},{"@type":"WebSite","@id":"https:\/\/taxirabattours.com\/fr\/#website","url":"https:\/\/taxirabattours.com\/fr\/","name":"Transfert Airport | Rabat Taxi Tours Transport VTC | Rabat","description":"","publisher":{"@id":"https:\/\/taxirabattours.com\/fr\/#organization"},"potentialAction":[{"@type":"SearchAction","target":{"@type":"EntryPoint","urlTemplate":"https:\/\/taxirabattours.com\/fr\/?s={search_term_string}"},"query-input":{"@type":"PropertyValueSpecification","valueRequired":true,"valueName":"search_term_string"}}],"inLanguage":"fr-FR"},{"@type":"Organization","@id":"https:\/\/taxirabattours.com\/fr\/#organization","name":"Private Taxi Rabat","url":"https:\/\/taxirabattours.com\/fr\/","logo":{"@type":"ImageObject","inLanguage":"fr-FR","@id":"https:\/\/taxirabattours.com\/fr\/#\/schema\/logo\/image\/","url":"https:\/\/taxirabattours.com\/wp-content\/uploads\/2020\/02\/logo-private-taxi-rabat.png","contentUrl":"https:\/\/taxirabattours.com\/wp-content\/uploads\/2020\/02\/logo-private-taxi-rabat.png","width":1920,"height":576,"caption":"Private Taxi Rabat"},"image":{"@id":"https:\/\/taxirabattours.com\/fr\/#\/schema\/logo\/image\/"}}]}},"_links":{"self":[{"href":"https:\/\/taxirabattours.com\/fr\/wp-json\/wp\/v2\/pages\/15366","targetHints":{"allow":["GET"]}}],"collection":[{"href":"https:\/\/taxirabattours.com\/fr\/wp-json\/wp\/v2\/pages"}],"about":[{"href":"https:\/\/taxirabattours.com\/fr\/wp-json\/wp\/v2\/types\/page"}],"author":[{"embeddable":true,"href":"https:\/\/taxirabattours.com\/fr\/wp-json\/wp\/v2\/users\/1"}],"replies":[{"embeddable":true,"href":"https:\/\/taxirabattours.com\/fr\/wp-json\/wp\/v2\/comments?post=15366"}],"version-history":[{"count":5,"href":"https:\/\/taxirabattours.com\/fr\/wp-json\/wp\/v2\/pages\/15366\/revisions"}],"predecessor-version":[{"id":16474,"href":"https:\/\/taxirabattours.com\/fr\/wp-json\/wp\/v2\/pages\/15366\/revisions\/16474"}],"wp:featuredmedia":[{"embeddable":true,"href":"https:\/\/taxirabattours.com\/fr\/wp-json\/wp\/v2\/media\/14502"}],"wp:attachment":[{"href":"https:\/\/taxirabattours.com\/fr\/wp-json\/wp\/v2\/media?parent=15366"}],"curies":[{"name":"wp","href":"https:\/\/api.w.org\/{rel}","templated":true}]}}