{"id":15726,"date":"2021-04-07T23:20:56","date_gmt":"2021-04-07T22:20:56","guid":{"rendered":"https:\/\/taxirabattours.com\/condiciones-generales-de-venta\/"},"modified":"2023-09-03T05:36:32","modified_gmt":"2023-09-03T04:36:32","slug":"condiciones-generales-de-venta","status":"publish","type":"page","link":"https:\/\/taxirabattours.com\/es\/condiciones-generales-de-venta\/","title":{"rendered":"CONDICIONES GENERALES DE VENTA"},"content":{"rendered":"\t\t<div data-elementor-type=\"wp-page\" data-elementor-id=\"15726\" class=\"elementor elementor-15726 elementor-11041\">\n\t\t\t\t\t\t<section class=\"elementor-section elementor-top-section elementor-element elementor-element-72102263 elementor-section-boxed elementor-section-height-default elementor-section-height-default\" data-id=\"72102263\" data-element_type=\"section\" data-e-type=\"section\">\n\t\t\t\t\t\t<div class=\"elementor-container elementor-column-gap-default\">\n\t\t\t\t\t<div class=\"elementor-column elementor-col-100 elementor-top-column elementor-element elementor-element-4d04251\" data-id=\"4d04251\" data-element_type=\"column\" data-e-type=\"column\">\n\t\t\t<div class=\"elementor-widget-wrap elementor-element-populated\">\n\t\t\t\t\t\t<div class=\"elementor-element elementor-element-e55c1d8 elementor-widget elementor-widget-text-editor\" data-id=\"e55c1d8\" data-element_type=\"widget\" data-e-type=\"widget\" data-widget_type=\"text-editor.default\">\n\t\t\t\t<div class=\"elementor-widget-container\">\n\t\t\t\t\t\t\t\t\t<div data-testid=\"richTextElement\">\n<h2>Prueba de las transacciones pagadas con tarjeta de cr\u00e9dito<\/h2>\n<\/div>\n<div data-testid=\"richTextElement\">\n<p>Los datos registrados por el CMI en la plataforma de pago multicanal por cuenta de Taxi Rabat Tours&nbsp;constituyen la prueba de todas las transacciones comerciales entre usted y Taxi Rabat Tours.<br>Empresa.<\/p>\n<\/div>\n<div data-testid=\"richTextElement\">\n<div data-testid=\"richTextElement\">\n<h2><b>Forma de pago<\/b><\/h2>\n<p>Para pagar su pedido, elija la opci\u00f3n de pago entre las ofrecidas por Taxirabattours<br>en su p\u00e1gina de pago.<br>En este caso, la transacci\u00f3n se remite para adeudo en su cuenta al d\u00eda siguiente de la<br>fecha de la confirmaci\u00f3n de entrega.<br>Sus pagos en l\u00ednea est\u00e1n totalmente protegidos por el Centro Monetario Interbancario (CMI).<br>que ofrece un servicio de pago totalmente seguro.<br>El Consumidor garantiza a la Empresa Taxirabattours&nbsp;que dispone de los medios necesarios<br>autoriza a utilizar el medio de pago elegido por \u00e9l, al validar la Orden de Pedido.<br>En caso de pago mediante tarjeta bancaria, las disposiciones relativas al uso fraudulento de los medios de<br>pago previsto en los acuerdos celebrados entre el Consumidor y el emisor de la tarjeta<br>y entre la sociedad Taxirabattours&nbsp;y sus establecimientos bancarios.<br>Pre\u00e1mbulo<br>Las siguientes condiciones generales de venta rigen todas las transacciones establecidas en el cat\u00e1logo web de<br>Taxirabattours. Para tener en cuenta que, cualquier pedido realizado en este sitio asume la<br>aceptaci\u00f3n incondicional e irrevocable de las condiciones que figuran a continuaci\u00f3n.<br>Objeto<br>Este contrato es un contrato a distancia que tiene por objeto definir los derechos y obligaciones de las partes<br>en el marco de la venta de los servicios de la empresa taxirabtatours en Internet,<br>a trav\u00e9s de la plataforma segura de pago en l\u00ednea del Centro Monetario Interbancario.<br>Las siguientes condiciones se aplican a todos los pasajeros que utilicen nuestros servicios:<\/p>\n<\/div>\n<div>\n<div role=\"grid\">\n<div role=\"row\">\n<div role=\"gridcell\">\n<div>\n<div data-hook=\"bgLayers\">&nbsp;<span style=\"background-color: var(--ast-global-color-5);\">El cliente se compromete a aceptar las condiciones generales de venta incluso si realiza su reserva mediante<\/span><\/div>\n<div data-hook=\"bgLayers\">tel\u00e9fono.<\/div>\n<div data-hook=\"bgLayers\"><br><\/div>\n<div data-hook=\"bgLayers\">2<\/div>\n<div data-hook=\"bgLayers\">Nos reservamos el derecho de encargar otro servicio de nuestra gama (v\u00eda p\u00fablica<\/div>\n<div data-hook=\"bgLayers\">transporte de personas o veh\u00edculo de transporte con conductor) o contratar a un subcontratista, con el fin de<\/div>\n<div data-hook=\"bgLayers\">transportar a nuestros clientes a su destino, teniendo cuidado previamente de advertirles de la<\/div>\n<div data-hook=\"bgLayers\">situaci\u00f3n e informarles de cualquier cambio que ello suponga a nivel normativo. El<\/div>\n<div data-hook=\"bgLayers\">La tarifa estimada del taxi ser\u00e1, por tanto, definitiva y fija en base al modelo legal, aunque se trate de una<\/div>\n<div data-hook=\"bgLayers\">mejora en nuestras gamas de servicios.<\/div>\n<div data-hook=\"bgLayers\"><br><\/div>\n<div data-hook=\"bgLayers\">3<\/div>\n<div data-hook=\"bgLayers\">&nbsp;La reserva debe cancelarse por tel\u00e9fono o correo electr\u00f3nico. La cancelaci\u00f3n debe llegarnos al<\/div>\n<div data-hook=\"bgLayers\">a m\u00e1s tardar 24 horas antes de la fecha de la transferencia. Transcurrido este plazo, es posible que tengamos que facturar el<\/div>\n<div data-hook=\"bgLayers\">cliente por el coste estimado de su traslado calculado en este sitio web y\/o<\/div>\n<div data-hook=\"bgLayers\">indicado en los documentos de reserva. En caso de No-Show, el precio del<\/div>\n<div data-hook=\"bgLayers\">se facturar\u00e1 el viaje estimado.<\/div>\n<div data-hook=\"bgLayers\"><br><\/div>\n<div data-hook=\"bgLayers\">4<\/div>\n<div data-hook=\"bgLayers\">4. Se aceptar\u00e1 todo el equipaje del cliente&nbsp;, incluyendo bolsa de esqu\u00ed o snowboard, bolsa de golf,<\/div>\n<div data-hook=\"bgLayers\">siempre que haya espacio suficiente a bordo y que \u00e9stos no da\u00f1en el veh\u00edculo en<\/div>\n<div data-hook=\"bgLayers\">cualquier forma, ya sea por suciedad o por da\u00f1os permanentes.<\/div>\n<div data-hook=\"bgLayers\"><br><\/div>\n<div data-hook=\"bgLayers\">5. Haremos todo lo posible para que nuestros veh\u00edculos lleguen a tiempo a las citas programadas<\/div>\n<div data-hook=\"bgLayers\">y dejar a los clientes a tiempo en su destino. Sin embargo, rechazaremos cualquier<\/div>\n<div data-hook=\"bgLayers\">responsabilidad en caso de retraso debido a hechos externos ajenos a su voluntad o a su control.<\/div>\n<div data-hook=\"bgLayers\">De hecho, hechos que escapan a nuestro control a veces nos impiden cumplir nuestra misi\u00f3n; nosotros<\/div>\n<div data-hook=\"bgLayers\">A continuaci\u00f3n se enumeran algunos de ellos: Accidentes de tr\u00e1fico que provocan ralentizaciones. Accidentes de tr\u00e1fico que bloquean todo<\/div>\n<div data-hook=\"bgLayers\">tr\u00e1fico. Condiciones meteorol\u00f3gicas excepcionales. Control de la polic\u00eda. Vandalismo y terrorismo.<\/div>\n<div data-hook=\"bgLayers\">Atascos inesperados. Huelgas o manifestaciones que bloquean la carretera. Problemas causados por<\/div>\n<div data-hook=\"bgLayers\">otros pasajeros. Incumplimiento de la hora de recogida por parte de los clientes. Cualquier hecho que pueda afectar<\/div>\n<div data-hook=\"bgLayers\">la seguridad e integridad de los dem\u00e1s pasajeros finalmente, si este retraso es culpa nuestra y usted pierde el<\/div>\n<div data-hook=\"bgLayers\">con su otro medio de transporte, nos comprometemos a compensarle ofreci\u00e9ndole<\/div>\n<div data-hook=\"bgLayers\">un servicio por un importe equivalente a la carrera realizada.<\/div>\n<div data-hook=\"bgLayers\"><br><\/div>\n<div data-hook=\"bgLayers\">6. Los transportistas y taxis que realizan traslados son titulares de un permiso de estacionamiento de taxis, registrado en el<\/div>\n<div data-hook=\"bgLayers\">directorio de transporte de viajeros y\/o en el registro de empresas de transporte con conductor.<\/div>\n<div data-hook=\"bgLayers\">Los veh\u00edculos dispuestos para realizar estos traslados est\u00e1n totalmente asegurados para el transporte de pasajeros,<\/div>\n<div data-hook=\"bgLayers\">como exige la legislaci\u00f3n marroqu\u00ed.<\/div>\n<div data-hook=\"bgLayers\">7. A diferencia de muchos de nuestros competidores, nuestro cliente; el equipaje est\u00e1 asegurado hasta un cierto l\u00edmite. Aunque<\/div>\n<div data-hook=\"bgLayers\">cuidamos al m\u00e1ximo sus efectos personales, preferimos a\u00f1adir esta garant\u00eda para<\/div>\n<div data-hook=\"bgLayers\">para tranquilizarle en sus viajes.<\/div>\n<div data-hook=\"bgLayers\"><br><\/div>\n<div data-hook=\"bgLayers\">8. S\u00f3lo se nos podr\u00e1 responsabilizar de los hechos previsibles y razonables que se deriven directamente de un<\/div>\n<div data-hook=\"bgLayers\">incumplimiento del contrato.<\/div>\n<div data-hook=\"bgLayers\">9. Las presentes condiciones generales se rigen por la legislaci\u00f3n marroqu\u00ed.<\/div>\n<div data-hook=\"bgLayers\"><br><\/div>\n<div data-hook=\"bgLayers\">10. En caso de litigio, el tribunal competente es el Tribunal de Comercio de Rabat.<\/div>\n<div data-hook=\"bgLayers\"><br><\/div>\n<\/div>\n<\/div>\n<\/div>\n<\/div>\n<\/div>\n<\/div>\t\t\t\t\t\t\t\t<\/div>\n\t\t\t\t<\/div>\n\t\t\t\t\t<\/div>\n\t\t<\/div>\n\t\t\t\t\t<\/div>\n\t\t<\/section>\n\t\t\t\t<\/div>\n\t\t","protected":false},"excerpt":{"rendered":"<p>Prueba de las transacciones pagadas con tarjeta de cr\u00e9dito Los datos registrados por el CMI en la plataforma de pago multicanal por cuenta de Taxi Rabat Tours&nbsp;constituyen la prueba de todas las transacciones comerciales entre usted y Taxi Rabat Tours. Empresa. Forma de pago Para pagar su pedido, elija la opci\u00f3n de pago entre las &hellip;<\/p>\n<p class=\"read-more\"> <a class=\"\" href=\"https:\/\/taxirabattours.com\/es\/condiciones-generales-de-venta\/\"> <span class=\"screen-reader-text\">CONDICIONES GENERALES DE VENTA<\/span> Leer m\u00e1s &raquo;<\/a><\/p>\n","protected":false},"author":1,"featured_media":0,"parent":0,"menu_order":0,"comment_status":"closed","ping_status":"closed","template":"","meta":{"site-sidebar-layout":"default","site-content-layout":"default","ast-global-header-display":"","ast-main-header-display":"","ast-hfb-above-header-display":"","ast-hfb-below-header-display":"","ast-hfb-mobile-header-display":"","site-post-title":"","ast-breadcrumbs-content":"","ast-featured-img":"","footer-sml-layout":"","theme-transparent-header-meta":"","adv-header-id-meta":"","stick-header-meta":"","header-above-stick-meta":"","header-main-stick-meta":"","header-below-stick-meta":"","footnotes":""},"class_list":["post-15726","page","type-page","status-publish","hentry"],"yoast_head":"<!-- This site is optimized with the Yoast SEO plugin v27.3 - https:\/\/yoast.com\/product\/yoast-seo-wordpress\/ -->\n<title>Condiciones generales de venta<\/title>\n<meta name=\"description\" content=\"Condiciones generales de venta\" \/>\n<meta name=\"robots\" content=\"noindex, nofollow\" \/>\n<meta property=\"og:locale\" content=\"es_ES\" \/>\n<meta property=\"og:type\" content=\"article\" \/>\n<meta property=\"og:title\" content=\"Condiciones generales de venta\" \/>\n<meta property=\"og:description\" content=\"Condiciones generales de venta\" \/>\n<meta property=\"og:url\" content=\"https:\/\/taxirabattours.com\/es\/condiciones-generales-de-venta\/\" \/>\n<meta property=\"og:site_name\" content=\"Transfert Airport | Rabat Taxi Tours Transport VTC | Rabat\" \/>\n<meta property=\"article:modified_time\" content=\"2023-09-03T04:36:32+00:00\" \/>\n<meta name=\"twitter:card\" content=\"summary_large_image\" \/>\n<meta name=\"twitter:label1\" content=\"Tiempo de lectura\" \/>\n\t<meta name=\"twitter:data1\" content=\"4 minutos\" \/>\n<script type=\"application\/ld+json\" class=\"yoast-schema-graph\">{\"@context\":\"https:\\\/\\\/schema.org\",\"@graph\":[{\"@type\":\"WebPage\",\"@id\":\"https:\\\/\\\/taxirabattours.com\\\/es\\\/condiciones-generales-de-venta\\\/\",\"url\":\"https:\\\/\\\/taxirabattours.com\\\/es\\\/condiciones-generales-de-venta\\\/\",\"name\":\"Condiciones generales de venta\",\"isPartOf\":{\"@id\":\"https:\\\/\\\/taxirabattours.com\\\/es\\\/#website\"},\"datePublished\":\"2021-04-07T22:20:56+00:00\",\"dateModified\":\"2023-09-03T04:36:32+00:00\",\"description\":\"Condiciones generales de venta\",\"breadcrumb\":{\"@id\":\"https:\\\/\\\/taxirabattours.com\\\/es\\\/condiciones-generales-de-venta\\\/#breadcrumb\"},\"inLanguage\":\"es\",\"potentialAction\":[{\"@type\":\"ReadAction\",\"target\":[\"https:\\\/\\\/taxirabattours.com\\\/es\\\/condiciones-generales-de-venta\\\/\"]}]},{\"@type\":\"BreadcrumbList\",\"@id\":\"https:\\\/\\\/taxirabattours.com\\\/es\\\/condiciones-generales-de-venta\\\/#breadcrumb\",\"itemListElement\":[{\"@type\":\"ListItem\",\"position\":1,\"name\":\"Accueil\",\"item\":\"https:\\\/\\\/taxirabattours.com\\\/es\\\/\"},{\"@type\":\"ListItem\",\"position\":2,\"name\":\"CONDICIONES GENERALES DE VENTA\"}]},{\"@type\":\"WebSite\",\"@id\":\"https:\\\/\\\/taxirabattours.com\\\/es\\\/#website\",\"url\":\"https:\\\/\\\/taxirabattours.com\\\/es\\\/\",\"name\":\"Transfert Airport | Rabat Taxi Tours Transport VTC | Rabat\",\"description\":\"\",\"publisher\":{\"@id\":\"https:\\\/\\\/taxirabattours.com\\\/es\\\/#organization\"},\"potentialAction\":[{\"@type\":\"SearchAction\",\"target\":{\"@type\":\"EntryPoint\",\"urlTemplate\":\"https:\\\/\\\/taxirabattours.com\\\/es\\\/?s={search_term_string}\"},\"query-input\":{\"@type\":\"PropertyValueSpecification\",\"valueRequired\":true,\"valueName\":\"search_term_string\"}}],\"inLanguage\":\"es\"},{\"@type\":\"Organization\",\"@id\":\"https:\\\/\\\/taxirabattours.com\\\/es\\\/#organization\",\"name\":\"Private Taxi Rabat\",\"url\":\"https:\\\/\\\/taxirabattours.com\\\/es\\\/\",\"logo\":{\"@type\":\"ImageObject\",\"inLanguage\":\"es\",\"@id\":\"https:\\\/\\\/taxirabattours.com\\\/es\\\/#\\\/schema\\\/logo\\\/image\\\/\",\"url\":\"https:\\\/\\\/taxirabattours.com\\\/wp-content\\\/uploads\\\/2020\\\/02\\\/logo-private-taxi-rabat.png\",\"contentUrl\":\"https:\\\/\\\/taxirabattours.com\\\/wp-content\\\/uploads\\\/2020\\\/02\\\/logo-private-taxi-rabat.png\",\"width\":1920,\"height\":576,\"caption\":\"Private Taxi Rabat\"},\"image\":{\"@id\":\"https:\\\/\\\/taxirabattours.com\\\/es\\\/#\\\/schema\\\/logo\\\/image\\\/\"}}]}<\/script>\n<!-- \/ Yoast SEO plugin. -->","yoast_head_json":{"title":"Condiciones generales de venta","description":"Condiciones generales de venta","robots":{"index":"noindex","follow":"nofollow"},"og_locale":"es_ES","og_type":"article","og_title":"Condiciones generales de venta","og_description":"Condiciones generales de venta","og_url":"https:\/\/taxirabattours.com\/es\/condiciones-generales-de-venta\/","og_site_name":"Transfert Airport | Rabat Taxi Tours Transport VTC | Rabat","article_modified_time":"2023-09-03T04:36:32+00:00","twitter_card":"summary_large_image","twitter_misc":{"Tiempo de lectura":"4 minutos"},"schema":{"@context":"https:\/\/schema.org","@graph":[{"@type":"WebPage","@id":"https:\/\/taxirabattours.com\/es\/condiciones-generales-de-venta\/","url":"https:\/\/taxirabattours.com\/es\/condiciones-generales-de-venta\/","name":"Condiciones generales de venta","isPartOf":{"@id":"https:\/\/taxirabattours.com\/es\/#website"},"datePublished":"2021-04-07T22:20:56+00:00","dateModified":"2023-09-03T04:36:32+00:00","description":"Condiciones generales de venta","breadcrumb":{"@id":"https:\/\/taxirabattours.com\/es\/condiciones-generales-de-venta\/#breadcrumb"},"inLanguage":"es","potentialAction":[{"@type":"ReadAction","target":["https:\/\/taxirabattours.com\/es\/condiciones-generales-de-venta\/"]}]},{"@type":"BreadcrumbList","@id":"https:\/\/taxirabattours.com\/es\/condiciones-generales-de-venta\/#breadcrumb","itemListElement":[{"@type":"ListItem","position":1,"name":"Accueil","item":"https:\/\/taxirabattours.com\/es\/"},{"@type":"ListItem","position":2,"name":"CONDICIONES GENERALES DE VENTA"}]},{"@type":"WebSite","@id":"https:\/\/taxirabattours.com\/es\/#website","url":"https:\/\/taxirabattours.com\/es\/","name":"Transfert Airport | Rabat Taxi Tours Transport VTC | Rabat","description":"","publisher":{"@id":"https:\/\/taxirabattours.com\/es\/#organization"},"potentialAction":[{"@type":"SearchAction","target":{"@type":"EntryPoint","urlTemplate":"https:\/\/taxirabattours.com\/es\/?s={search_term_string}"},"query-input":{"@type":"PropertyValueSpecification","valueRequired":true,"valueName":"search_term_string"}}],"inLanguage":"es"},{"@type":"Organization","@id":"https:\/\/taxirabattours.com\/es\/#organization","name":"Private Taxi Rabat","url":"https:\/\/taxirabattours.com\/es\/","logo":{"@type":"ImageObject","inLanguage":"es","@id":"https:\/\/taxirabattours.com\/es\/#\/schema\/logo\/image\/","url":"https:\/\/taxirabattours.com\/wp-content\/uploads\/2020\/02\/logo-private-taxi-rabat.png","contentUrl":"https:\/\/taxirabattours.com\/wp-content\/uploads\/2020\/02\/logo-private-taxi-rabat.png","width":1920,"height":576,"caption":"Private Taxi Rabat"},"image":{"@id":"https:\/\/taxirabattours.com\/es\/#\/schema\/logo\/image\/"}}]}},"_links":{"self":[{"href":"https:\/\/taxirabattours.com\/es\/wp-json\/wp\/v2\/pages\/15726","targetHints":{"allow":["GET"]}}],"collection":[{"href":"https:\/\/taxirabattours.com\/es\/wp-json\/wp\/v2\/pages"}],"about":[{"href":"https:\/\/taxirabattours.com\/es\/wp-json\/wp\/v2\/types\/page"}],"author":[{"embeddable":true,"href":"https:\/\/taxirabattours.com\/es\/wp-json\/wp\/v2\/users\/1"}],"replies":[{"embeddable":true,"href":"https:\/\/taxirabattours.com\/es\/wp-json\/wp\/v2\/comments?post=15726"}],"version-history":[{"count":3,"href":"https:\/\/taxirabattours.com\/es\/wp-json\/wp\/v2\/pages\/15726\/revisions"}],"predecessor-version":[{"id":17087,"href":"https:\/\/taxirabattours.com\/es\/wp-json\/wp\/v2\/pages\/15726\/revisions\/17087"}],"wp:attachment":[{"href":"https:\/\/taxirabattours.com\/es\/wp-json\/wp\/v2\/media?parent=15726"}],"curies":[{"name":"wp","href":"https:\/\/api.w.org\/{rel}","templated":true}]}}